{"id":141,"date":"2025-08-31T18:25:37","date_gmt":"2025-08-31T18:25:37","guid":{"rendered":"https:\/\/aanessa.com\/jape\/?page_id=141"},"modified":"2025-10-04T11:52:45","modified_gmt":"2025-10-04T11:52:45","slug":"about-us","status":"publish","type":"page","link":"https:\/\/aanessa.com\/jarmo\/about-us\/","title":{"rendered":"About us"},"content":{"rendered":"\r\n<p>&nbsp;<\/p>\r\n\r\n\r\n\r\n<p>Audiohuolto ja \u00e4\u00e4nentoistopalvelu Jarmo Lehmonen T:mi on aloittanut toiminnan Jyv\u00e4skyl\u00e4ss\u00e4 vuonna 2005, silloin sivutoimena.<\/p>\r\n\r\n\r\n\r\n<p>Vuonna 2011 yritys aloitti my\u00f6s soitin huollot ja asennuspalvelun samalla kun yritystoiminta muuttui p\u00e4\u00e4toimiseksi.<\/p>\r\n\r\n\r\n\r\n<p>Nykyisiin tiloihin yritys muutti vuonna 2012.<\/p>\r\n\r\n\r\n\r\n<p>Vuonna 2024 huoltorinkiin tuli yhteisty\u00f6kumppaneiksi Musikantti, Jasesoi sek\u00e4 Vuorensaku Guitars.<\/p>\r\n\r\n\r\n\r\n<p>Yhteisty\u00f6 \u00e4\u00e4nentoistopalveluista Jaba studion kansa alkoi 2025.<\/p>\r\n\r\n\r\n\r\n<h2 class=\"wp-block-heading\"><strong>Arvot<\/strong><\/h2>\r\n\r\n\r\n\r\n<p>Yrityksen tavoite on tuottaa laadukasta palvelua valitsemallaan sektorilla.<\/p>\r\n\r\n\r\n\r\n<p>Kuuntelemme asiakkaan toiveet ja pyrimme yhdess\u00e4 l\u00f6yt\u00e4m\u00e4\u00e4n parhaat ratkaisut.<\/p>\r\n\r\n\r\n","protected":false},"excerpt":{"rendered":"<p>&nbsp; Audiohuolto ja \u00e4\u00e4nentoistopalvelu Jarmo Lehmonen T:mi on aloittanut toiminnan Jyv\u00e4skyl\u00e4ss\u00e4 vuonna 2005, silloin sivutoimena. Vuonna 2011 yritys aloitti my\u00f6s soitin huollot ja asennuspalvelun samalla kun yritystoiminta muuttui p\u00e4\u00e4toimiseksi. Nykyisiin tiloihin yritys muutti vuonna 2012. Vuonna 2024 huoltorinkiin tuli yhteisty\u00f6kumppaneiksi Musikantti, Jasesoi sek\u00e4 Vuorensaku Guitars. Yhteisty\u00f6 \u00e4\u00e4nentoistopalveluista Jaba studion kansa alkoi 2025. Arvot Yrityksen tavoite [&hellip;]<\/p>\n","protected":false},"author":1,"featured_media":0,"parent":0,"menu_order":0,"comment_status":"closed","ping_status":"closed","template":"","meta":{"footnotes":""},"class_list":["post-141","page","type-page","status-publish","hentry"],"yoast_head":"<!-- This site is optimized with the Yoast SEO plugin v26.4 - https:\/\/yoast.com\/wordpress\/plugins\/seo\/ -->\n<title>About us - \u00c4\u00e4ness\u00e4<\/title>\n<meta name=\"robots\" content=\"index, follow, max-snippet:-1, max-image-preview:large, max-video-preview:-1\" \/>\n<link rel=\"canonical\" href=\"https:\/\/aanessa.com\/jarmo\/about-us\/\" \/>\n<meta property=\"og:locale\" content=\"en_US\" \/>\n<meta property=\"og:type\" content=\"article\" \/>\n<meta property=\"og:title\" content=\"About us - \u00c4\u00e4ness\u00e4\" \/>\n<meta property=\"og:description\" content=\"&nbsp; Audiohuolto ja \u00e4\u00e4nentoistopalvelu Jarmo Lehmonen T:mi on aloittanut toiminnan Jyv\u00e4skyl\u00e4ss\u00e4 vuonna 2005, silloin sivutoimena. Vuonna 2011 yritys aloitti my\u00f6s soitin huollot ja asennuspalvelun samalla kun yritystoiminta muuttui p\u00e4\u00e4toimiseksi. Nykyisiin tiloihin yritys muutti vuonna 2012. Vuonna 2024 huoltorinkiin tuli yhteisty\u00f6kumppaneiksi Musikantti, Jasesoi sek\u00e4 Vuorensaku Guitars. Yhteisty\u00f6 \u00e4\u00e4nentoistopalveluista Jaba studion kansa alkoi 2025. Arvot Yrityksen tavoite [&hellip;]\" \/>\n<meta property=\"og:url\" content=\"https:\/\/aanessa.com\/jarmo\/about-us\/\" \/>\n<meta property=\"og:site_name\" content=\"\u00c4\u00e4ness\u00e4\" \/>\n<meta property=\"article:modified_time\" content=\"2025-10-04T11:52:45+00:00\" \/>\n<meta name=\"twitter:card\" content=\"summary_large_image\" \/>\n<meta name=\"twitter:label1\" content=\"Est. reading time\" \/>\n\t<meta name=\"twitter:data1\" content=\"1 minute\" \/>\n<script type=\"application\/ld+json\" class=\"yoast-schema-graph\">{\"@context\":\"https:\/\/schema.org\",\"@graph\":[{\"@type\":\"WebPage\",\"@id\":\"https:\/\/aanessa.com\/jarmo\/about-us\/\",\"url\":\"https:\/\/aanessa.com\/jarmo\/about-us\/\",\"name\":\"About us - \u00c4\u00e4ness\u00e4\",\"isPartOf\":{\"@id\":\"https:\/\/aanessa.com\/jarmo\/#website\"},\"datePublished\":\"2025-08-31T18:25:37+00:00\",\"dateModified\":\"2025-10-04T11:52:45+00:00\",\"breadcrumb\":{\"@id\":\"https:\/\/aanessa.com\/jarmo\/about-us\/#breadcrumb\"},\"inLanguage\":\"en-US\",\"potentialAction\":[{\"@type\":\"ReadAction\",\"target\":[\"https:\/\/aanessa.com\/jarmo\/about-us\/\"]}]},{\"@type\":\"BreadcrumbList\",\"@id\":\"https:\/\/aanessa.com\/jarmo\/about-us\/#breadcrumb\",\"itemListElement\":[{\"@type\":\"ListItem\",\"position\":1,\"name\":\"Home\",\"item\":\"https:\/\/aanessa.com\/jarmo\/\"},{\"@type\":\"ListItem\",\"position\":2,\"name\":\"About us\"}]},{\"@type\":\"WebSite\",\"@id\":\"https:\/\/aanessa.com\/jarmo\/#website\",\"url\":\"https:\/\/aanessa.com\/jarmo\/\",\"name\":\"\u00c4\u00e4ness\u00e4\",\"description\":\"\",\"potentialAction\":[{\"@type\":\"SearchAction\",\"target\":{\"@type\":\"EntryPoint\",\"urlTemplate\":\"https:\/\/aanessa.com\/jarmo\/?s={search_term_string}\"},\"query-input\":{\"@type\":\"PropertyValueSpecification\",\"valueRequired\":true,\"valueName\":\"search_term_string\"}}],\"inLanguage\":\"en-US\"}]}<\/script>\n<!-- \/ Yoast SEO plugin. -->","yoast_head_json":{"title":"About us - \u00c4\u00e4ness\u00e4","robots":{"index":"index","follow":"follow","max-snippet":"max-snippet:-1","max-image-preview":"max-image-preview:large","max-video-preview":"max-video-preview:-1"},"canonical":"https:\/\/aanessa.com\/jarmo\/about-us\/","og_locale":"en_US","og_type":"article","og_title":"About us - \u00c4\u00e4ness\u00e4","og_description":"&nbsp; Audiohuolto ja \u00e4\u00e4nentoistopalvelu Jarmo Lehmonen T:mi on aloittanut toiminnan Jyv\u00e4skyl\u00e4ss\u00e4 vuonna 2005, silloin sivutoimena. Vuonna 2011 yritys aloitti my\u00f6s soitin huollot ja asennuspalvelun samalla kun yritystoiminta muuttui p\u00e4\u00e4toimiseksi. Nykyisiin tiloihin yritys muutti vuonna 2012. Vuonna 2024 huoltorinkiin tuli yhteisty\u00f6kumppaneiksi Musikantti, Jasesoi sek\u00e4 Vuorensaku Guitars. Yhteisty\u00f6 \u00e4\u00e4nentoistopalveluista Jaba studion kansa alkoi 2025. Arvot Yrityksen tavoite [&hellip;]","og_url":"https:\/\/aanessa.com\/jarmo\/about-us\/","og_site_name":"\u00c4\u00e4ness\u00e4","article_modified_time":"2025-10-04T11:52:45+00:00","twitter_card":"summary_large_image","twitter_misc":{"Est. reading time":"1 minute"},"schema":{"@context":"https:\/\/schema.org","@graph":[{"@type":"WebPage","@id":"https:\/\/aanessa.com\/jarmo\/about-us\/","url":"https:\/\/aanessa.com\/jarmo\/about-us\/","name":"About us - \u00c4\u00e4ness\u00e4","isPartOf":{"@id":"https:\/\/aanessa.com\/jarmo\/#website"},"datePublished":"2025-08-31T18:25:37+00:00","dateModified":"2025-10-04T11:52:45+00:00","breadcrumb":{"@id":"https:\/\/aanessa.com\/jarmo\/about-us\/#breadcrumb"},"inLanguage":"en-US","potentialAction":[{"@type":"ReadAction","target":["https:\/\/aanessa.com\/jarmo\/about-us\/"]}]},{"@type":"BreadcrumbList","@id":"https:\/\/aanessa.com\/jarmo\/about-us\/#breadcrumb","itemListElement":[{"@type":"ListItem","position":1,"name":"Home","item":"https:\/\/aanessa.com\/jarmo\/"},{"@type":"ListItem","position":2,"name":"About us"}]},{"@type":"WebSite","@id":"https:\/\/aanessa.com\/jarmo\/#website","url":"https:\/\/aanessa.com\/jarmo\/","name":"\u00c4\u00e4ness\u00e4","description":"","potentialAction":[{"@type":"SearchAction","target":{"@type":"EntryPoint","urlTemplate":"https:\/\/aanessa.com\/jarmo\/?s={search_term_string}"},"query-input":{"@type":"PropertyValueSpecification","valueRequired":true,"valueName":"search_term_string"}}],"inLanguage":"en-US"}]}},"jetpack_sharing_enabled":true,"_links":{"self":[{"href":"https:\/\/aanessa.com\/jarmo\/wp-json\/wp\/v2\/pages\/141","targetHints":{"allow":["GET"]}}],"collection":[{"href":"https:\/\/aanessa.com\/jarmo\/wp-json\/wp\/v2\/pages"}],"about":[{"href":"https:\/\/aanessa.com\/jarmo\/wp-json\/wp\/v2\/types\/page"}],"author":[{"embeddable":true,"href":"https:\/\/aanessa.com\/jarmo\/wp-json\/wp\/v2\/users\/1"}],"replies":[{"embeddable":true,"href":"https:\/\/aanessa.com\/jarmo\/wp-json\/wp\/v2\/comments?post=141"}],"version-history":[{"count":6,"href":"https:\/\/aanessa.com\/jarmo\/wp-json\/wp\/v2\/pages\/141\/revisions"}],"predecessor-version":[{"id":396,"href":"https:\/\/aanessa.com\/jarmo\/wp-json\/wp\/v2\/pages\/141\/revisions\/396"}],"wp:attachment":[{"href":"https:\/\/aanessa.com\/jarmo\/wp-json\/wp\/v2\/media?parent=141"}],"curies":[{"name":"wp","href":"https:\/\/api.w.org\/{rel}","templated":true}]}}