{"id":135,"date":"2025-09-07T16:34:23","date_gmt":"2025-09-07T16:34:23","guid":{"rendered":"https:\/\/aanessa.com\/jaba\/?page_id=135"},"modified":"2025-09-08T09:04:54","modified_gmt":"2025-09-08T09:04:54","slug":"yhteystiedot","status":"publish","type":"page","link":"https:\/\/aanessa.com\/jaba\/yhteystiedot\/","title":{"rendered":"YHTEYSTIEDOT"},"content":{"rendered":"\n<pre class=\"wp-block-preformatted has-small-font-size\"><strong>JaBa on Hankasalmella<br><\/strong><br>JaBa Productions sijaitsee Hankasalmella Kuuhankaveden rannalla. Studiotiloilla on oma erillinen rakennuksensa tontilla. Pystymme majoittamaan melko mukavasti porukkaa aina  n. 10 henkeen saakka. Studioty\u00f6skentelyn ohella tarjolla on rantasauna, uintimahdollisuus, veneily\u00e4, kalastusta \u2013 ja mit\u00e4 nyt maalla itse kukin haluaakin tehd\u00e4. <br><br><br><strong>Ajo-ohjeet<\/strong><br><br>JaBa l\u00f6ytyy Hankasalmen kirkonkyl\u00e4lt\u00e4, noin 1 km taajamasta (kaupoilta) pohjoista kohti. J\u00e4rven puolella vasemmalla tulee ensin vastaan terveyskeskus ja sen j\u00e4lkeen pian Nesteen huoltoasema. Huoltoaseman editse k\u00e4\u00e4nnyt\u00e4\u00e4n vasemmalle ja sitten rannan suuntaisesti oikealle pitkin Myllytiet\u00e4. JaBa sijaitsee Myllytien p\u00e4\u00e4t\u00f6spisteess\u00e4 olevan k\u00e4\u00e4nt\u00f6ympyr\u00e4n kohdalla, rannan puolella. Vihre\u00e4t puurakennukset. Alla my\u00f6s karttakuva sijainnista.<br><br><\/pre>\n\n\n\n<p>N\u00e4yt\u00e4&nbsp;Myllytie 18&nbsp;Google Mapsissa.<\/p>\n\n\n\n<figure class=\"wp-block-table\"><table class=\"has-fixed-layout\"><tbody><tr><td><a href=\"https:\/\/goo.gl\/maps\/XmsrGYQUV3pZ52LDA\" target=\"_blank\" rel=\"noreferrer noopener\">N\u00c4YT\u00c4 GOOGLE MAPSISSA<\/a><\/td><\/tr><\/tbody><\/table><\/figure>\n\n\n\n<p><\/p>\n","protected":false},"excerpt":{"rendered":"<p>JaBa on HankasalmellaJaBa Productions sijaitsee Hankasalmella Kuuhankaveden rannalla. Studiotiloilla on oma erillinen rakennuksensa tontilla. Pystymme majoittamaan melko mukavasti porukkaa aina n. 10 henkeen saakka. Studioty\u00f6skentelyn ohella tarjolla on rantasauna, uintimahdollisuus, veneily\u00e4, kalastusta \u2013 ja mit\u00e4 nyt maalla itse kukin haluaakin tehd\u00e4. Ajo-ohjeetJaBa l\u00f6ytyy Hankasalmen kirkonkyl\u00e4lt\u00e4, noin 1 km taajamasta (kaupoilta) pohjoista kohti. J\u00e4rven puolella vasemmalla [&hellip;]<\/p>\n","protected":false},"author":1,"featured_media":0,"parent":0,"menu_order":0,"comment_status":"closed","ping_status":"closed","template":"","meta":{"footnotes":""},"class_list":["post-135","page","type-page","status-publish","hentry"],"yoast_head":"<!-- This site is optimized with the Yoast SEO plugin v26.4 - https:\/\/yoast.com\/wordpress\/plugins\/seo\/ -->\n<title>YHTEYSTIEDOT - \u00c4\u00e4ness\u00e4<\/title>\n<meta name=\"robots\" content=\"index, follow, max-snippet:-1, max-image-preview:large, max-video-preview:-1\" \/>\n<link rel=\"canonical\" href=\"https:\/\/aanessa.com\/jaba\/yhteystiedot\/\" \/>\n<meta property=\"og:locale\" content=\"en_US\" \/>\n<meta property=\"og:type\" content=\"article\" \/>\n<meta property=\"og:title\" content=\"YHTEYSTIEDOT - \u00c4\u00e4ness\u00e4\" \/>\n<meta property=\"og:description\" content=\"JaBa on HankasalmellaJaBa Productions sijaitsee Hankasalmella Kuuhankaveden rannalla. Studiotiloilla on oma erillinen rakennuksensa tontilla. Pystymme majoittamaan melko mukavasti porukkaa aina n. 10 henkeen saakka. Studioty\u00f6skentelyn ohella tarjolla on rantasauna, uintimahdollisuus, veneily\u00e4, kalastusta \u2013 ja mit\u00e4 nyt maalla itse kukin haluaakin tehd\u00e4. Ajo-ohjeetJaBa l\u00f6ytyy Hankasalmen kirkonkyl\u00e4lt\u00e4, noin 1 km taajamasta (kaupoilta) pohjoista kohti. J\u00e4rven puolella vasemmalla [&hellip;]\" \/>\n<meta property=\"og:url\" content=\"https:\/\/aanessa.com\/jaba\/yhteystiedot\/\" \/>\n<meta property=\"og:site_name\" content=\"\u00c4\u00e4ness\u00e4\" \/>\n<meta property=\"article:modified_time\" content=\"2025-09-08T09:04:54+00:00\" \/>\n<meta name=\"twitter:card\" content=\"summary_large_image\" \/>\n<meta name=\"twitter:label1\" content=\"Est. reading time\" \/>\n\t<meta name=\"twitter:data1\" content=\"1 minute\" \/>\n<script type=\"application\/ld+json\" class=\"yoast-schema-graph\">{\"@context\":\"https:\/\/schema.org\",\"@graph\":[{\"@type\":\"WebPage\",\"@id\":\"https:\/\/aanessa.com\/jaba\/yhteystiedot\/\",\"url\":\"https:\/\/aanessa.com\/jaba\/yhteystiedot\/\",\"name\":\"YHTEYSTIEDOT - \u00c4\u00e4ness\u00e4\",\"isPartOf\":{\"@id\":\"https:\/\/aanessa.com\/jaba\/#website\"},\"datePublished\":\"2025-09-07T16:34:23+00:00\",\"dateModified\":\"2025-09-08T09:04:54+00:00\",\"breadcrumb\":{\"@id\":\"https:\/\/aanessa.com\/jaba\/yhteystiedot\/#breadcrumb\"},\"inLanguage\":\"en-US\",\"potentialAction\":[{\"@type\":\"ReadAction\",\"target\":[\"https:\/\/aanessa.com\/jaba\/yhteystiedot\/\"]}]},{\"@type\":\"BreadcrumbList\",\"@id\":\"https:\/\/aanessa.com\/jaba\/yhteystiedot\/#breadcrumb\",\"itemListElement\":[{\"@type\":\"ListItem\",\"position\":1,\"name\":\"Home\",\"item\":\"https:\/\/aanessa.com\/jaba\/\"},{\"@type\":\"ListItem\",\"position\":2,\"name\":\"YHTEYSTIEDOT\"}]},{\"@type\":\"WebSite\",\"@id\":\"https:\/\/aanessa.com\/jaba\/#website\",\"url\":\"https:\/\/aanessa.com\/jaba\/\",\"name\":\"\u00c4\u00e4ness\u00e4\",\"description\":\"\",\"potentialAction\":[{\"@type\":\"SearchAction\",\"target\":{\"@type\":\"EntryPoint\",\"urlTemplate\":\"https:\/\/aanessa.com\/jaba\/?s={search_term_string}\"},\"query-input\":{\"@type\":\"PropertyValueSpecification\",\"valueRequired\":true,\"valueName\":\"search_term_string\"}}],\"inLanguage\":\"en-US\"}]}<\/script>\n<!-- \/ Yoast SEO plugin. -->","yoast_head_json":{"title":"YHTEYSTIEDOT - \u00c4\u00e4ness\u00e4","robots":{"index":"index","follow":"follow","max-snippet":"max-snippet:-1","max-image-preview":"max-image-preview:large","max-video-preview":"max-video-preview:-1"},"canonical":"https:\/\/aanessa.com\/jaba\/yhteystiedot\/","og_locale":"en_US","og_type":"article","og_title":"YHTEYSTIEDOT - \u00c4\u00e4ness\u00e4","og_description":"JaBa on HankasalmellaJaBa Productions sijaitsee Hankasalmella Kuuhankaveden rannalla. Studiotiloilla on oma erillinen rakennuksensa tontilla. Pystymme majoittamaan melko mukavasti porukkaa aina n. 10 henkeen saakka. Studioty\u00f6skentelyn ohella tarjolla on rantasauna, uintimahdollisuus, veneily\u00e4, kalastusta \u2013 ja mit\u00e4 nyt maalla itse kukin haluaakin tehd\u00e4. Ajo-ohjeetJaBa l\u00f6ytyy Hankasalmen kirkonkyl\u00e4lt\u00e4, noin 1 km taajamasta (kaupoilta) pohjoista kohti. J\u00e4rven puolella vasemmalla [&hellip;]","og_url":"https:\/\/aanessa.com\/jaba\/yhteystiedot\/","og_site_name":"\u00c4\u00e4ness\u00e4","article_modified_time":"2025-09-08T09:04:54+00:00","twitter_card":"summary_large_image","twitter_misc":{"Est. reading time":"1 minute"},"schema":{"@context":"https:\/\/schema.org","@graph":[{"@type":"WebPage","@id":"https:\/\/aanessa.com\/jaba\/yhteystiedot\/","url":"https:\/\/aanessa.com\/jaba\/yhteystiedot\/","name":"YHTEYSTIEDOT - \u00c4\u00e4ness\u00e4","isPartOf":{"@id":"https:\/\/aanessa.com\/jaba\/#website"},"datePublished":"2025-09-07T16:34:23+00:00","dateModified":"2025-09-08T09:04:54+00:00","breadcrumb":{"@id":"https:\/\/aanessa.com\/jaba\/yhteystiedot\/#breadcrumb"},"inLanguage":"en-US","potentialAction":[{"@type":"ReadAction","target":["https:\/\/aanessa.com\/jaba\/yhteystiedot\/"]}]},{"@type":"BreadcrumbList","@id":"https:\/\/aanessa.com\/jaba\/yhteystiedot\/#breadcrumb","itemListElement":[{"@type":"ListItem","position":1,"name":"Home","item":"https:\/\/aanessa.com\/jaba\/"},{"@type":"ListItem","position":2,"name":"YHTEYSTIEDOT"}]},{"@type":"WebSite","@id":"https:\/\/aanessa.com\/jaba\/#website","url":"https:\/\/aanessa.com\/jaba\/","name":"\u00c4\u00e4ness\u00e4","description":"","potentialAction":[{"@type":"SearchAction","target":{"@type":"EntryPoint","urlTemplate":"https:\/\/aanessa.com\/jaba\/?s={search_term_string}"},"query-input":{"@type":"PropertyValueSpecification","valueRequired":true,"valueName":"search_term_string"}}],"inLanguage":"en-US"}]}},"jetpack_sharing_enabled":true,"_links":{"self":[{"href":"https:\/\/aanessa.com\/jaba\/wp-json\/wp\/v2\/pages\/135","targetHints":{"allow":["GET"]}}],"collection":[{"href":"https:\/\/aanessa.com\/jaba\/wp-json\/wp\/v2\/pages"}],"about":[{"href":"https:\/\/aanessa.com\/jaba\/wp-json\/wp\/v2\/types\/page"}],"author":[{"embeddable":true,"href":"https:\/\/aanessa.com\/jaba\/wp-json\/wp\/v2\/users\/1"}],"replies":[{"embeddable":true,"href":"https:\/\/aanessa.com\/jaba\/wp-json\/wp\/v2\/comments?post=135"}],"version-history":[{"count":8,"href":"https:\/\/aanessa.com\/jaba\/wp-json\/wp\/v2\/pages\/135\/revisions"}],"predecessor-version":[{"id":185,"href":"https:\/\/aanessa.com\/jaba\/wp-json\/wp\/v2\/pages\/135\/revisions\/185"}],"wp:attachment":[{"href":"https:\/\/aanessa.com\/jaba\/wp-json\/wp\/v2\/media?parent=135"}],"curies":[{"name":"wp","href":"https:\/\/api.w.org\/{rel}","templated":true}]}}