{"id":133,"date":"2025-09-07T16:26:16","date_gmt":"2025-09-07T16:26:16","guid":{"rendered":"https:\/\/aanessa.com\/jaba\/?page_id=133"},"modified":"2025-09-14T13:07:03","modified_gmt":"2025-09-14T13:07:03","slug":"info","status":"publish","type":"page","link":"https:\/\/aanessa.com\/jaba\/info\/","title":{"rendered":"INFO"},"content":{"rendered":"\n<figure class=\"wp-block-image size-large\"><img fetchpriority=\"high\" decoding=\"async\" width=\"1024\" height=\"226\" src=\"https:\/\/aanessa.com\/jaba\/wp-content\/uploads\/2025\/09\/jabastudio_info-1024x226.png\" alt=\"\" class=\"wp-image-169\" srcset=\"https:\/\/aanessa.com\/jaba\/wp-content\/uploads\/2025\/09\/jabastudio_info-1024x226.png 1024w, https:\/\/aanessa.com\/jaba\/wp-content\/uploads\/2025\/09\/jabastudio_info-300x66.png 300w, https:\/\/aanessa.com\/jaba\/wp-content\/uploads\/2025\/09\/jabastudio_info-768x169.png 768w, https:\/\/aanessa.com\/jaba\/wp-content\/uploads\/2025\/09\/jabastudio_info-1536x338.png 1536w, https:\/\/aanessa.com\/jaba\/wp-content\/uploads\/2025\/09\/jabastudio_info.png 1684w\" sizes=\"(max-width: 1024px) 100vw, 1024px\" \/><\/figure>\n\n\n\n<p class=\"has-medium-font-size\"><br><strong>Palautelomake<\/strong><\/p>\n\n\n\n<div class=\"wp-block-contact-form-7-contact-form-selector\">\n<div class=\"wpcf7 no-js\" id=\"wpcf7-f230-o1\" lang=\"en-US\" dir=\"ltr\" data-wpcf7-id=\"230\">\n<div class=\"screen-reader-response\"><p role=\"status\" aria-live=\"polite\" aria-atomic=\"true\"><\/p> <ul><\/ul><\/div>\n<form action=\"\/jaba\/wp-json\/wp\/v2\/pages\/133#wpcf7-f230-o1\" method=\"post\" class=\"wpcf7-form init\" aria-label=\"Contact form\" novalidate=\"novalidate\" data-status=\"init\">\n<fieldset class=\"hidden-fields-container\"><input type=\"hidden\" name=\"_wpcf7\" value=\"230\" \/><input type=\"hidden\" name=\"_wpcf7_version\" value=\"6.1.3\" \/><input type=\"hidden\" name=\"_wpcf7_locale\" value=\"en_US\" \/><input type=\"hidden\" name=\"_wpcf7_unit_tag\" value=\"wpcf7-f230-o1\" \/><input type=\"hidden\" name=\"_wpcf7_container_post\" value=\"0\" \/><input type=\"hidden\" name=\"_wpcf7_posted_data_hash\" value=\"\" \/>\n<\/fieldset>\n<p><label> <b> Kerro, miten voimme auttaa <\/b><br \/>\n<\/label>\n<\/p>\n<p><label> Kirjoita kysymyksesi t\u00e4h\u00e4n<br \/>\n<span class=\"wpcf7-form-control-wrap\" data-name=\"your-subject\"><input size=\"40\" maxlength=\"400\" class=\"wpcf7-form-control wpcf7-text wpcf7-validates-as-required\" aria-required=\"true\" aria-invalid=\"false\" value=\"\" type=\"text\" name=\"your-subject\" \/><\/span> <\/label>\n<\/p>\n<p><label> Nimesi<br \/>\n<span class=\"wpcf7-form-control-wrap\" data-name=\"your-name\"><input size=\"40\" maxlength=\"400\" class=\"wpcf7-form-control wpcf7-text wpcf7-validates-as-required\" autocomplete=\"name\" aria-required=\"true\" aria-invalid=\"false\" value=\"\" type=\"text\" name=\"your-name\" \/><\/span> <\/label>\n<\/p>\n<p><label> S\u00e4hk\u00f6postiosoitteesi<br \/>\n<span class=\"wpcf7-form-control-wrap\" data-name=\"your-email\"><input size=\"40\" maxlength=\"400\" class=\"wpcf7-form-control wpcf7-email wpcf7-validates-as-required wpcf7-text wpcf7-validates-as-email\" autocomplete=\"email\" aria-required=\"true\" aria-invalid=\"false\" value=\"\" type=\"email\" name=\"your-email\" \/><\/span> <\/label>\n<\/p>\n<p><label> Mit\u00e4 palveluja tarvitset<br \/>\n<\/label><br \/>\n<span class=\"wpcf7-form-control-wrap\" data-name=\"checkbox-896\"><span class=\"wpcf7-form-control wpcf7-checkbox\"><span class=\"wpcf7-list-item first\"><label><input type=\"checkbox\" name=\"checkbox-896[]\" value=\"Musiikin \u00e4\u00e4nitys\" \/><span class=\"wpcf7-list-item-label\">Musiikin \u00e4\u00e4nitys<\/span><\/label><\/span><span class=\"wpcf7-list-item\"><label><input type=\"checkbox\" name=\"checkbox-896[]\" value=\"Miksaus\" \/><span class=\"wpcf7-list-item-label\">Miksaus<\/span><\/label><\/span><span class=\"wpcf7-list-item\"><label><input type=\"checkbox\" name=\"checkbox-896[]\" value=\"Masterointi\" \/><span class=\"wpcf7-list-item-label\">Masterointi<\/span><\/label><\/span><span class=\"wpcf7-list-item\"><label><input type=\"checkbox\" name=\"checkbox-896[]\" value=\"Striimaus\" \/><span class=\"wpcf7-list-item-label\">Striimaus<\/span><\/label><\/span><span class=\"wpcf7-list-item last\"><label><input type=\"checkbox\" name=\"checkbox-896[]\" value=\"\u00c4\u00e4nityskaluston vuokraus\" \/><span class=\"wpcf7-list-item-label\">\u00c4\u00e4nityskaluston vuokraus<\/span><\/label><\/span><\/span><\/span>\n<\/p>\n<p><label> Projektin tarkempi kuvaus<br \/>\n<span class=\"wpcf7-form-control-wrap\" data-name=\"textarea-127\"><textarea cols=\"40\" rows=\"10\" maxlength=\"2000\" class=\"wpcf7-form-control wpcf7-textarea\" aria-invalid=\"false\" name=\"textarea-127\"><\/textarea><\/span> <\/label>\n<\/p>\n<p><label> Budjettiarvio (optional)<br \/>\n<span class=\"wpcf7-form-control-wrap\" data-name=\"your-message\"><input size=\"40\" maxlength=\"400\" class=\"wpcf7-form-control wpcf7-text\" aria-invalid=\"false\" value=\"\" type=\"text\" name=\"your-message\" \/><\/span> <\/label>\n<\/p>\n<p><input class=\"wpcf7-form-control wpcf7-submit has-spinner\" type=\"submit\" value=\"Submit\" \/>\n<\/p><p style=\"display: none !important;\" class=\"akismet-fields-container\" data-prefix=\"_wpcf7_ak_\"><label>&#916;<textarea name=\"_wpcf7_ak_hp_textarea\" cols=\"45\" rows=\"8\" maxlength=\"100\"><\/textarea><\/label><input type=\"hidden\" id=\"ak_js_1\" name=\"_wpcf7_ak_js\" value=\"226\"\/><script>document.getElementById( \"ak_js_1\" ).setAttribute( \"value\", ( new Date() ).getTime() );<\/script><\/p><div class=\"wpcf7-response-output\" aria-hidden=\"true\"><\/div>\n<\/form>\n<\/div>\n<\/div>\n\n\n\n<p id=\"palautelomake\"><\/p>\n","protected":false},"excerpt":{"rendered":"<p>Palautelomake<\/p>\n","protected":false},"author":1,"featured_media":0,"parent":0,"menu_order":0,"comment_status":"closed","ping_status":"closed","template":"","meta":{"footnotes":""},"class_list":["post-133","page","type-page","status-publish","hentry"],"yoast_head":"<!-- This site is optimized with the Yoast SEO plugin v26.4 - https:\/\/yoast.com\/wordpress\/plugins\/seo\/ -->\n<title>INFO - \u00c4\u00e4ness\u00e4<\/title>\n<meta name=\"robots\" content=\"index, follow, max-snippet:-1, max-image-preview:large, max-video-preview:-1\" \/>\n<link rel=\"canonical\" href=\"https:\/\/aanessa.com\/jaba\/info\/\" \/>\n<meta property=\"og:locale\" content=\"en_US\" \/>\n<meta property=\"og:type\" content=\"article\" \/>\n<meta property=\"og:title\" content=\"INFO - \u00c4\u00e4ness\u00e4\" \/>\n<meta property=\"og:description\" content=\"Palautelomake\" \/>\n<meta property=\"og:url\" content=\"https:\/\/aanessa.com\/jaba\/info\/\" \/>\n<meta property=\"og:site_name\" content=\"\u00c4\u00e4ness\u00e4\" \/>\n<meta property=\"article:modified_time\" content=\"2025-09-14T13:07:03+00:00\" \/>\n<meta property=\"og:image\" content=\"https:\/\/aanessa.com\/jaba\/wp-content\/uploads\/2025\/09\/jabastudio_info.png\" \/>\n\t<meta property=\"og:image:width\" content=\"1684\" \/>\n\t<meta property=\"og:image:height\" content=\"371\" \/>\n\t<meta property=\"og:image:type\" content=\"image\/png\" \/>\n<meta name=\"twitter:card\" content=\"summary_large_image\" \/>\n<meta name=\"twitter:label1\" content=\"Est. reading time\" \/>\n\t<meta name=\"twitter:data1\" content=\"1 minute\" \/>\n<script type=\"application\/ld+json\" class=\"yoast-schema-graph\">{\"@context\":\"https:\/\/schema.org\",\"@graph\":[{\"@type\":\"WebPage\",\"@id\":\"https:\/\/aanessa.com\/jaba\/info\/\",\"url\":\"https:\/\/aanessa.com\/jaba\/info\/\",\"name\":\"INFO - \u00c4\u00e4ness\u00e4\",\"isPartOf\":{\"@id\":\"https:\/\/aanessa.com\/jaba\/#website\"},\"primaryImageOfPage\":{\"@id\":\"https:\/\/aanessa.com\/jaba\/info\/#primaryimage\"},\"image\":{\"@id\":\"https:\/\/aanessa.com\/jaba\/info\/#primaryimage\"},\"thumbnailUrl\":\"https:\/\/aanessa.com\/jaba\/wp-content\/uploads\/2025\/09\/jabastudio_info-1024x226.png\",\"datePublished\":\"2025-09-07T16:26:16+00:00\",\"dateModified\":\"2025-09-14T13:07:03+00:00\",\"breadcrumb\":{\"@id\":\"https:\/\/aanessa.com\/jaba\/info\/#breadcrumb\"},\"inLanguage\":\"en-US\",\"potentialAction\":[{\"@type\":\"ReadAction\",\"target\":[\"https:\/\/aanessa.com\/jaba\/info\/\"]}]},{\"@type\":\"ImageObject\",\"inLanguage\":\"en-US\",\"@id\":\"https:\/\/aanessa.com\/jaba\/info\/#primaryimage\",\"url\":\"https:\/\/aanessa.com\/jaba\/wp-content\/uploads\/2025\/09\/jabastudio_info.png\",\"contentUrl\":\"https:\/\/aanessa.com\/jaba\/wp-content\/uploads\/2025\/09\/jabastudio_info.png\",\"width\":1684,\"height\":371},{\"@type\":\"BreadcrumbList\",\"@id\":\"https:\/\/aanessa.com\/jaba\/info\/#breadcrumb\",\"itemListElement\":[{\"@type\":\"ListItem\",\"position\":1,\"name\":\"Home\",\"item\":\"https:\/\/aanessa.com\/jaba\/\"},{\"@type\":\"ListItem\",\"position\":2,\"name\":\"INFO\"}]},{\"@type\":\"WebSite\",\"@id\":\"https:\/\/aanessa.com\/jaba\/#website\",\"url\":\"https:\/\/aanessa.com\/jaba\/\",\"name\":\"\u00c4\u00e4ness\u00e4\",\"description\":\"\",\"potentialAction\":[{\"@type\":\"SearchAction\",\"target\":{\"@type\":\"EntryPoint\",\"urlTemplate\":\"https:\/\/aanessa.com\/jaba\/?s={search_term_string}\"},\"query-input\":{\"@type\":\"PropertyValueSpecification\",\"valueRequired\":true,\"valueName\":\"search_term_string\"}}],\"inLanguage\":\"en-US\"}]}<\/script>\n<!-- \/ Yoast SEO plugin. -->","yoast_head_json":{"title":"INFO - \u00c4\u00e4ness\u00e4","robots":{"index":"index","follow":"follow","max-snippet":"max-snippet:-1","max-image-preview":"max-image-preview:large","max-video-preview":"max-video-preview:-1"},"canonical":"https:\/\/aanessa.com\/jaba\/info\/","og_locale":"en_US","og_type":"article","og_title":"INFO - \u00c4\u00e4ness\u00e4","og_description":"Palautelomake","og_url":"https:\/\/aanessa.com\/jaba\/info\/","og_site_name":"\u00c4\u00e4ness\u00e4","article_modified_time":"2025-09-14T13:07:03+00:00","og_image":[{"width":1684,"height":371,"url":"https:\/\/aanessa.com\/jaba\/wp-content\/uploads\/2025\/09\/jabastudio_info.png","type":"image\/png"}],"twitter_card":"summary_large_image","twitter_misc":{"Est. reading time":"1 minute"},"schema":{"@context":"https:\/\/schema.org","@graph":[{"@type":"WebPage","@id":"https:\/\/aanessa.com\/jaba\/info\/","url":"https:\/\/aanessa.com\/jaba\/info\/","name":"INFO - \u00c4\u00e4ness\u00e4","isPartOf":{"@id":"https:\/\/aanessa.com\/jaba\/#website"},"primaryImageOfPage":{"@id":"https:\/\/aanessa.com\/jaba\/info\/#primaryimage"},"image":{"@id":"https:\/\/aanessa.com\/jaba\/info\/#primaryimage"},"thumbnailUrl":"https:\/\/aanessa.com\/jaba\/wp-content\/uploads\/2025\/09\/jabastudio_info-1024x226.png","datePublished":"2025-09-07T16:26:16+00:00","dateModified":"2025-09-14T13:07:03+00:00","breadcrumb":{"@id":"https:\/\/aanessa.com\/jaba\/info\/#breadcrumb"},"inLanguage":"en-US","potentialAction":[{"@type":"ReadAction","target":["https:\/\/aanessa.com\/jaba\/info\/"]}]},{"@type":"ImageObject","inLanguage":"en-US","@id":"https:\/\/aanessa.com\/jaba\/info\/#primaryimage","url":"https:\/\/aanessa.com\/jaba\/wp-content\/uploads\/2025\/09\/jabastudio_info.png","contentUrl":"https:\/\/aanessa.com\/jaba\/wp-content\/uploads\/2025\/09\/jabastudio_info.png","width":1684,"height":371},{"@type":"BreadcrumbList","@id":"https:\/\/aanessa.com\/jaba\/info\/#breadcrumb","itemListElement":[{"@type":"ListItem","position":1,"name":"Home","item":"https:\/\/aanessa.com\/jaba\/"},{"@type":"ListItem","position":2,"name":"INFO"}]},{"@type":"WebSite","@id":"https:\/\/aanessa.com\/jaba\/#website","url":"https:\/\/aanessa.com\/jaba\/","name":"\u00c4\u00e4ness\u00e4","description":"","potentialAction":[{"@type":"SearchAction","target":{"@type":"EntryPoint","urlTemplate":"https:\/\/aanessa.com\/jaba\/?s={search_term_string}"},"query-input":{"@type":"PropertyValueSpecification","valueRequired":true,"valueName":"search_term_string"}}],"inLanguage":"en-US"}]}},"jetpack_sharing_enabled":true,"_links":{"self":[{"href":"https:\/\/aanessa.com\/jaba\/wp-json\/wp\/v2\/pages\/133","targetHints":{"allow":["GET"]}}],"collection":[{"href":"https:\/\/aanessa.com\/jaba\/wp-json\/wp\/v2\/pages"}],"about":[{"href":"https:\/\/aanessa.com\/jaba\/wp-json\/wp\/v2\/types\/page"}],"author":[{"embeddable":true,"href":"https:\/\/aanessa.com\/jaba\/wp-json\/wp\/v2\/users\/1"}],"replies":[{"embeddable":true,"href":"https:\/\/aanessa.com\/jaba\/wp-json\/wp\/v2\/comments?post=133"}],"version-history":[{"count":15,"href":"https:\/\/aanessa.com\/jaba\/wp-json\/wp\/v2\/pages\/133\/revisions"}],"predecessor-version":[{"id":236,"href":"https:\/\/aanessa.com\/jaba\/wp-json\/wp\/v2\/pages\/133\/revisions\/236"}],"wp:attachment":[{"href":"https:\/\/aanessa.com\/jaba\/wp-json\/wp\/v2\/media?parent=133"}],"curies":[{"name":"wp","href":"https:\/\/api.w.org\/{rel}","templated":true}]}}